{"id":9530,"date":"2019-03-24T22:18:12","date_gmt":"2019-03-25T01:18:12","guid":{"rendered":"http:\/\/sapyp.estudioh.com.uy\/?page_id=9530"},"modified":"2019-07-29T15:59:04","modified_gmt":"2019-07-29T18:59:04","slug":"contacto","status":"publish","type":"page","link":"https:\/\/sap.uy\/?page_id=9530","title":{"rendered":"Solicitar Servicio"},"content":{"rendered":"<p>[vc_row content_width=\u00bbgrid\u00bb disable_margin_on_row=\u00bbno\u00bb][vc_column width=\u00bb1\/2&#8243; css=\u00bb.vc_custom_1553478480038{padding-right: 50px !important;padding-left: 50px !important;}\u00bb][vc_empty_space][vc_empty_space][vc_column_text]<\/p>\n<h4 style=\"text-align: center;\">Acompa\u00f1antes de confianza<\/h4>\n<h5 style=\"text-align: center;\">Los mejores acompa\u00f1antes siempre a tu disposici\u00f3n<\/h5>\n<p>Las acompa\u00f1antes de S.A.P \u00a0son seleccionados con mucho detalle. Nuestro proceso de selecci\u00f3n es muy exigente.<\/p>\n<p>El\u00a0<strong>cari\u00f1o<\/strong>, la\u00a0<strong>pasi\u00f3n<\/strong>, la\u00a0<strong>confianza<\/strong>, la\u00a0<strong>profesionalidad<\/strong>, la\u00a0<strong>empat\u00eda\u00a0<\/strong>y la\u00a0<strong>vocaci\u00f3n por ayudar a los dem\u00e1s\u00a0<\/strong>son factores indispensables para seleccionar las acompa\u00f1antes de S.A.P.<\/p>\n<p>Todas las acompa\u00f1antes que colaboran con S.A.P \u00a0disponen de experiencia demostrable, referencias v\u00e1lidas y formaci\u00f3n espec\u00edfica.<\/p>\n<p>\u00a1Nos encanta cuidarte![\/vc_column_text][vc_empty_space][vc_empty_space][\/vc_column][vc_column width=\u00bb1\/2&#8243; css=\u00bb.vc_custom_1553478470905{padding-right: 50px !important;padding-left: 50px !important;background-color: #e2e2e2 !important;background-position: center !important;background-repeat: no-repeat !important;background-size: cover !important;}\u00bb][vc_empty_space][vc_column_text]<\/p>\n<h5>Contacto<\/h5>\n<p>[\/vc_column_text][vc_empty_space]<div class=\"mkd-unordered-list \" >\n\n            <ul>\n                            <li class=\"mkd-list-item\" >\n\n                    \n                    <span class=\"icon\"><i class=\"mkd-icon-ion-icon ion-android-phone-portrait \" style=\"\" ><\/i><\/span>\n                    <span class=\"text\" >+598-44-42-79-71<\/span>\n                <\/li>\n                            <li class=\"mkd-list-item\" >\n\n                    \n                    <span class=\"icon\"><i class=\"mkd-icon-ion-icon ion-android-phone-portrait \" style=\"\" ><\/i><\/span>\n                    <span class=\"text\" >+598-99-840-582<\/span>\n                <\/li>\n                            <li class=\"mkd-list-item\" >\n\n                    \n                    <span class=\"icon\"><i class=\"mkd-icon-ion-icon ion-android-mail \" style=\"\" ><\/i><\/span>\n                    <span class=\"text\" >administracion@sapyp.com.uy<\/span>\n                <\/li>\n                            <li class=\"mkd-list-item\" >\n\n                    \n                    <span class=\"icon\"><i class=\"mkd-icon-ion-icon ion-android-pin \" style=\"\" ><\/i><\/span>\n                    <span class=\"text\" >Treinta y Tres 678 Minas - Lavalleja<\/span>\n                <\/li>\n                    <\/ul>\n    \n<\/div>[vc_empty_space][vc_column_text]<\/p>\n<h5>Todo un equipo a tu disposici\u00f3n<\/h5>\n<p>[\/vc_column_text][vc_column_text]Puedes llamarnos al <strong>4442 &#8211; 7971<\/strong> de <strong>Lunes a viernes de 9 a 12 \u2013 14.30 a 18.30<\/strong> o al tel\u00e9fono de Guardia: <strong>099 840 582<\/strong> que estar\u00e1 disponible:<\/p>\n<p>S\u00e1bado y domingo las 24 hrs.<\/p>\n<p>Y de Lunes a Viernes en el horario que no atienda el primer tel\u00e9fono.[\/vc_column_text][vc_empty_space][\/vc_column][\/vc_row][vc_row disable_margin_on_row=\u00bbno\u00bb][vc_column][vc_empty_space][vc_column_text]<\/p>\n<h5 style=\"text-align: center;\"><strong>Asegur\u00e1ndote que te atenderemos los 365 d\u00edas del a\u00f1o las 24hrs del d\u00eda porque hay todo un equipo a tu servicio<\/strong><\/h5>\n<p>[\/vc_column_text][vc_empty_space][\/vc_column][\/vc_row]<\/p>\n","protected":false},"excerpt":{"rendered":"<p>[vc_row content_width=\u00bbgrid\u00bb disable_margin_on_row=\u00bbno\u00bb][vc_column width=\u00bb1\/2&#8243; css=\u00bb.vc_custom_1553478480038{padding-right: 50px !important;padding-left: 50px !important;}\u00bb][vc_empty_space][vc_empty_space][vc_column_text] Acompa\u00f1antes de confianza Los mejores acompa\u00f1antes siempre a tu disposici\u00f3n Las acompa\u00f1antes de S.A.P \u00a0son seleccionados con mucho detalle. Nuestro proceso de selecci\u00f3n es muy exigente. El\u00a0cari\u00f1o, la\u00a0pasi\u00f3n, la\u00a0confianza, la\u00a0profesionalidad, la\u00a0empat\u00eda\u00a0y la\u00a0vocaci\u00f3n por ayudar a los&#8230;<\/p>\n","protected":false},"author":1,"featured_media":0,"parent":0,"menu_order":0,"comment_status":"closed","ping_status":"closed","template":"full-width.php","meta":{"footnotes":""},"class_list":["post-9530","page","type-page","status-publish","hentry"],"_links":{"self":[{"href":"https:\/\/sap.uy\/index.php?rest_route=\/wp\/v2\/pages\/9530","targetHints":{"allow":["GET"]}}],"collection":[{"href":"https:\/\/sap.uy\/index.php?rest_route=\/wp\/v2\/pages"}],"about":[{"href":"https:\/\/sap.uy\/index.php?rest_route=\/wp\/v2\/types\/page"}],"author":[{"embeddable":true,"href":"https:\/\/sap.uy\/index.php?rest_route=\/wp\/v2\/users\/1"}],"replies":[{"embeddable":true,"href":"https:\/\/sap.uy\/index.php?rest_route=%2Fwp%2Fv2%2Fcomments&post=9530"}],"version-history":[{"count":27,"href":"https:\/\/sap.uy\/index.php?rest_route=\/wp\/v2\/pages\/9530\/revisions"}],"predecessor-version":[{"id":9670,"href":"https:\/\/sap.uy\/index.php?rest_route=\/wp\/v2\/pages\/9530\/revisions\/9670"}],"wp:attachment":[{"href":"https:\/\/sap.uy\/index.php?rest_route=%2Fwp%2Fv2%2Fmedia&parent=9530"}],"curies":[{"name":"wp","href":"https:\/\/api.w.org\/{rel}","templated":true}]}}